{"id":334,"date":"2022-06-13T08:55:34","date_gmt":"2022-06-13T08:55:34","guid":{"rendered":"https:\/\/acubierto.es\/?page_id=3"},"modified":"2023-01-11T10:42:56","modified_gmt":"2023-01-11T10:42:56","slug":"politica-de-privacidad","status":"publish","type":"page","link":"https:\/\/acubierto.es\/?page_id=334","title":{"rendered":"Pol\u00edtica de Privacidad"},"content":{"rendered":"\n<h2 class=\"wp-block-heading\">Responsable de los datos<\/h2>\n\n\n\n<p>ERSM Insurance Bokers Corredur\u00eda de Seguros y Reaseguros SAU. con NIF A58538687<br>Direcci\u00f3n: \u00a0C\/ Princesa, 31 4\u00ba &#8211; 28008 Madrid | \u00a0C\/ Nicaragua, 50 &#8211; 08029 Barcelona<br>Tel\u00e9fono: 934391400<br>Email:\u00a0protecciondatos@ersmgrupo.com<\/p>\n\n\n\n<h2 class=\"wp-block-heading\">Finalidad de los datos<\/h2>\n\n\n\n<p>Los datos por Ud proporcionados ser\u00e1n utilizados a fin de:<\/p>\n\n\n\n<p>Gestionar sus seguros<\/p>\n\n\n\n<ul class=\"wp-block-list\">\n<li>Realizarle ofertas de seguros personalizadas y ajustadas a sus necesidades<\/li>\n\n\n\n<li>Gestionar los contratos de seguros contratados, incluyendo si as\u00ed se acuerda la gesti\u00f3n del cobro de las primas de seguro<\/li>\n\n\n\n<li>Proporcionarle el servicio de gesti\u00f3n de siniestros<\/li>\n\n\n\n<li>Proponerle modificaciones en sus contratos que pudieran ser de su inter\u00e9s.<\/li>\n<\/ul>\n\n\n\n<p>Promocionar nuestros servicios<\/p>\n\n\n\n<ul class=\"wp-block-list\">\n<li>Proporcionarle informaci\u00f3n de nuevos productos y servicios<\/li>\n<\/ul>\n\n\n\n<p>Elaboraremos perfiles comerciales en base a la informaci\u00f3n facilitada a fin de ajustar los servicios y ofertas, no adopt\u00e1ndose nunca decisiones automatizadas en base a los perfiles.<\/p>\n\n\n\n<p>Los datos se conservar\u00e1n mientras se mantenga la relaci\u00f3n comercial y tras la finalizaci\u00f3n de la misma, hasta que solicite la cancelaci\u00f3n de sus datos, con el objeto de remitirle ofertas que pudieran ser de su inter\u00e9s y reanudar la relaci\u00f3n profesional.<\/p>\n\n\n\n<p>Los datos de que disponemos son los necesarios para llevar la efectiva intermediaci\u00f3n de los contratos de seguros que ha contratado con una o m\u00e1s aseguradoras a trav\u00e9s de nuestra corredur\u00eda, teniendo por nuestra parte la consideraci\u00f3n de responsables de los datos de conformidad con lo previsto en la Ley 26\/2006 de 27 de Julio de Mediaci\u00f3n en seguros.<\/p>\n\n\n\n<h2 class=\"wp-block-heading\">Destinatarios<\/h2>\n\n\n\n<p>Sus datos ser\u00e1n comunicados a las entidades aseguradoras destinatarias de los contratos, as\u00ed como en caso de siniestro y siempre que Ud. lo autorice y con el l\u00edmite de los datos afectados por el siniestro a otras aseguradoras.<br>Los\u00a0datos se comunicar\u00e1n a otras empresas\u00a0del grupo empresarial ERSM Grupo para\u00a0fines administrativos internos,\u00a0incluido\u00a0el tratamiento de datos personales de clientes o empleados.<\/p>\n\n\n\n<h2 class=\"wp-block-heading\">Derechos<\/h2>\n\n\n\n<p>Cualquier persona tiene derecho a obtener confirmaci\u00f3n sobre si en la corredur\u00eda estamos tratando datos personales que les conciernan, o no. Las personas interesadas tienen derecho a si acceder a sus datos personales, as\u00ed como a solicitar la rectificaci\u00f3n de los datos inexactos o, en su caso, solicitar su supresi\u00f3n cuando, entre otros motivos, los datos ya no sean necesarios para los fines que fueron recogidos.<\/p>\n\n\n\n<p>En determinadas circunstancias, los interesados podr\u00e1n solicitar la limitaci\u00f3n del tratamiento de sus datos, en cuyo caso \u00fanicamente los conservaremos para la defensa de sus intereses en la gesti\u00f3n de los contratos de seguros intermediados por el responsable del fichero.<\/p>\n\n\n\n<p>En determinadas circunstancias y por motivos relacionados con su situaci\u00f3n particular, los interesados podr\u00e1n oponerse al tratamiento de sus datos. Nuestra corredur\u00eda dejar\u00e1 de tratar los datos, salvo por motivos leg\u00edtimos imperiosos, o el ejercicio o la defensa de posibles reclamaciones. Usted puede ejercer sus derechos de acceso, rectificaci\u00f3n o cancelaci\u00f3n.<\/p>\n\n\n\n<p>Si no desea recibir comunicaciones promocionales de nuestra empresa por alguno o todos los medios de comunicaci\u00f3n, puede comunicar su deseo de oponerse a la finalidad de promoci\u00f3n de nuestros productos y servicios, lo que no ir\u00e1 en detrimento de mantener el fin\u00a0de gestionar los contratos de seguros intermediados por el responsable del fichero.<\/p>\n\n\n\n<p>Usted podr\u00e1 solicitar la portabilidad de sus datos, si as\u00ed lo estima conveniente a otro corredor o entidad aseguradora<br>En el ejercicio de los derechos precedentes puede dirigirse por mail a protecciondatos@ersmgrupo.com o a nuestras oficinas de Madrid (Calle Princesa, 31. 4\u00ba) o Barcelona (Calle Nicaragua, 50. Bajos), aportando siempre una copia de su DNI. La respuesta al ejercicio de derechos se realizar\u00e1 al domicilio que figure en los contratos suscritos con nuestra corredur\u00eda.<\/p>\n\n\n\n<p>En caso de que no atendamos al ejercicio de derechos expresados en este apartado, Ud. est\u00e1 facultado para acudir a nuestro delegado de protecci\u00f3n de datos, quien velar\u00e1 por sus intereses o presentar una reclamaci\u00f3n ante la agencia de protecci\u00f3n de datos, Ud. Dispone de toda la informaci\u00f3n a efectos de esta reclamaci\u00f3n en la p\u00e1gina\u00a0<a href=\"http:\/\/www.agpd.es\/\">www.agpd.es<\/a><\/p>\n\n\n\n<h2 class=\"wp-block-heading\">Procedencia de los datos<\/h2>\n\n\n\n<p>Los datos de que disponemos son los que nos fueron proporcionados en el momento de la contrataci\u00f3n de las p\u00f3lizas o petici\u00f3n de las tarificaciones, as\u00ed como los datos derivados de las gestiones del contrato como las renovaciones de p\u00f3lizas o siniestros acontecidos en la vigencia del contrato.<\/p>\n\n\n\n<p>En algunos casos los datos b\u00e1sicos para la tarificaci\u00f3n de un riesgo han podido ser proporcionados por un colectivo, previa autorizaci\u00f3n de sus miembros, en estos casos los datos solo se utilizar\u00e1n conforme a las indicaciones de los representantes del colectivo y dichos datos ser\u00e1n eliminados si as\u00ed lo requieren los acuerdos con el colectivo, salvo para aquellos titulares de datos, para los que se intermedien contratos de seguros, en cuyo caso los derechos se regir\u00e1n por el apartado anterior Sus derechos.<\/p>\n\n\n\n<h2 class=\"wp-block-heading\">Pol\u00edtica de Protecci\u00f3n de Datos<\/h2>\n\n\n\n<p>De conformidad con lo que establece la Ley Org\u00e1nica 3\/2018 de Protecci\u00f3n de Datos Personales y con el Reglamento (UE) 2016\/679 del Parlamento Europeo y del Consejo, de fecha 27-4-2016, ERSM Insurance Brokers se compromete a adoptar las medidas t\u00e9cnicas y organizativas necesarias, seg\u00fan el nivel de seguridad de los datos recabados, de forma que garanticen la seguridad de los datos de car\u00e1cter personal y eviten su alteraci\u00f3n, p\u00e9rdida, tratamiento o acceso no autorizado.<br><br>Conforme a lo previsto en el art\u00edculo 11 de la ya citada Ley Org\u00e1nica 3\/2018, se informa al Usuario que los datos personales recabados por ERSM Insurance Brokers, mediante los formularios extendidos en sus p\u00e1ginas, ser\u00e1n introducidos en un fichero automatizado bajo la responsabilidad de ERSM Insurance Brokers, con la finalidad de poder facilitar, agilizar y cumplir los compromisos establecidos entre ambas partes o el mantenimiento de la relaci\u00f3n que se establezca en los formularios que suscriba o para atender una solicitud o consulta.<br><br>Mientras el Usuario no comunique lo contrario a ERSM Insurance Brokers, se entender\u00e1 que sus datos no han sido modificados, que el Usuario se compromete a notificar cualquier variaci\u00f3n y que tiene el consentimiento para utilizarlos para las finalidades determinadas, expl\u00edcitas y leg\u00edtimas para las que se hayan obtenido. Pudiendo incluso ser, adem\u00e1s, utilizados con una finalidad comercial de personalizaci\u00f3n, operativa y estad\u00edstica, y actividades propias de su objeto social, autorizando expresamente a ERSM Insurance Brokers para la extracci\u00f3n, almacenamiento de datos y estudios de marketing para adecuar el Contenido ofertado al Usuario, y as\u00ed mejorar la calidad, funcionamiento y navegaci\u00f3n por el Sitio Web.<br><br>En las ocasiones en las que el Usuario pudiera facilitar sus datos a trav\u00e9s de formularios, con el objeto de realizar consultas, solicitar informaci\u00f3n y\/o por motivos relacionados con el Contenido ofrecido en el Sitio Web, si los datos que facilitara el Usuario fueran imprescindibles para el correcto desarrollo de todo esto, se informar\u00e1 de ello al Usuario indic\u00e1ndole que son datos cuya cumplimentaci\u00f3n es de car\u00e1cter obligatorio.<br><br>En caso de no autorizar el tratamiento de sus datos con la finalidad se\u00f1alada en el p\u00e1rrafo anterior, el Usuario podr\u00e1 ejercer sus derechos de:<br>    Informaci\u00f3n-Acceso &#8211; art. 15 Reglamento (UE) 2016\/679<br>    Rectificaci\u00f3n &#8211; art. 16 \u00a0mismo Reglamento<br>    Supresi\u00f3n \u2013 art. 17 mismo Reglamento<br>    Oposici\u00f3n \u2013 art. 21 mismo Reglamento<br>as\u00ed como los derechos de limitaci\u00f3n del tratamiento (art. 18 Reglamento) y portabilidad de datos (art. 20 Reglamento) de los que dispone y que pueden ser ejercitados ante ERSM Insurance Brokers, de acuerdo con el repetido Reglamento UE 2016\/679.<\/p>\n\n\n\n<p>Para ello, debe tener en cuenta las siguientes indicaciones:<\/p>\n\n\n\n<ul class=\"wp-block-list\">\n<li>Derecho de Acceso: Es el derecho del Usuario a obtener informaci\u00f3n sobre sus datos concretos de car\u00e1cter personal y del tratamiento que ERSM Insurance Brokers haya realizado o realice, as\u00ed como de la informaci\u00f3n disponible sobre el origen de dichos datos y las comunicaciones realizadas o previstas de los mismos.<\/li>\n\n\n\n<li>Derecho de Rectificaci\u00f3n: Es el derecho del Usuario a que se modifiquen los datos que, estando dentro del fichero automatizado, resulten ser inexactos o incompletos.<\/li>\n\n\n\n<li>Derecho de Supresi\u00f3n: Es el derecho a suprimir los datos de car\u00e1cter personal del Usuario, a excepci\u00f3n de lo previsto en otras leyes aplicables que determinen la obligatoriedad de la conservaci\u00f3n de los mismos, en tiempo y forma.<\/li>\n\n\n\n<li>Derecho de Oposici\u00f3n: Es el derecho del Usuario a que no se lleve a cabo el tratamiento de sus datos de car\u00e1cter personal o se cese el tratamiento de los mismos por parte de ERSM Insurance Brokers.<\/li>\n<\/ul>\n\n\n\n<p>As\u00ed pues, el Usuario podr\u00e1 ejercitar sus derechos mediante comunicaci\u00f3n escrita dirigida a ERSM Insurance Brokers con la referencia \u00abProtecci\u00f3n Datos Personales\u00bb, especificando:<\/p>\n\n\n\n<ul class=\"wp-block-list\">\n<li>Nombre, apellidos del Usuario y copia del DNI. En los casos en que se admita la representaci\u00f3n, ser\u00e1 tambi\u00e9n necesaria la identificaci\u00f3n por el mismo medio de la persona que representa al Usuario, as\u00ed como el documento acreditativo de la representaci\u00f3n. La fotocopia del DNI podr\u00e1 ser sustituida, por cualquier otro medio v\u00e1lido en derecho que acredite la identidad.<\/li>\n\n\n\n<li>Petici\u00f3n con los motivos espec\u00edficos de la solicitud o informaci\u00f3n a la que se quiere acceder.<\/li>\n\n\n\n<li>Domicilio a efecto de notificaciones.<\/li>\n\n\n\n<li>Fecha y firma del solicitante.<\/li>\n\n\n\n<li>Todo documento que acredite la petici\u00f3n que formula.<\/li>\n<\/ul>\n\n\n\n<p>El Usuario deber\u00e1 utilizar un m\u00e9todo de env\u00edo que permita acreditar el env\u00edo y la recepci\u00f3n de la solicitud y de sus documentos adjuntos que deber\u00e1n enviarse a la siguiente direcci\u00f3n y\/o correo electr\u00f3nico:<br>c. Nicaragua, 50. Bajos,\u00a0 08029 Barcelona; telf. 934391400; <a href=\"mailto:protecciondatos@ersmgrupo.com\">protecciondatos@ersmgrupo.com<\/a><\/p>\n\n\n\n<p>ERSM Insurance Brokers se reserva el derecho a modificar su Pol\u00edtica de Privacidad, de acuerdo a su propio criterio, o motivado por un cambio legislativo o jurisprudencial. El uso de la Web despu\u00e9s de dichos cambios, implicar\u00e1 la aceptaci\u00f3n de los mismos.<\/p>\n\n\n\n<p><\/p>\n\n\n\n<p><\/p>\n","protected":false},"excerpt":{"rendered":"<p>Responsable de los datos ERSM Insurance Bokers Corredur\u00eda de Seguros y Reaseguros SAU. con NIF A58538687Direcci\u00f3n: \u00a0C\/ Princesa, 31 4\u00ba &#8211; 28008 Madrid | \u00a0C\/ Nicaragua,<span class=\"excerpt-hellip\"> [\u2026]<\/span><\/p>\n","protected":false},"author":1,"featured_media":0,"parent":0,"menu_order":0,"comment_status":"open","ping_status":"closed","template":"","meta":{"footnotes":""},"class_list":["post-334","page","type-page","status-publish","hentry"],"_links":{"self":[{"href":"https:\/\/acubierto.es\/index.php?rest_route=\/wp\/v2\/pages\/334","targetHints":{"allow":["GET"]}}],"collection":[{"href":"https:\/\/acubierto.es\/index.php?rest_route=\/wp\/v2\/pages"}],"about":[{"href":"https:\/\/acubierto.es\/index.php?rest_route=\/wp\/v2\/types\/page"}],"author":[{"embeddable":true,"href":"https:\/\/acubierto.es\/index.php?rest_route=\/wp\/v2\/users\/1"}],"replies":[{"embeddable":true,"href":"https:\/\/acubierto.es\/index.php?rest_route=%2Fwp%2Fv2%2Fcomments&post=334"}],"version-history":[{"count":5,"href":"https:\/\/acubierto.es\/index.php?rest_route=\/wp\/v2\/pages\/334\/revisions"}],"predecessor-version":[{"id":366,"href":"https:\/\/acubierto.es\/index.php?rest_route=\/wp\/v2\/pages\/334\/revisions\/366"}],"wp:attachment":[{"href":"https:\/\/acubierto.es\/index.php?rest_route=%2Fwp%2Fv2%2Fmedia&parent=334"}],"curies":[{"name":"wp","href":"https:\/\/api.w.org\/{rel}","templated":true}]}}